{"id":6067,"date":"2020-06-23T11:41:11","date_gmt":"2020-06-23T09:41:11","guid":{"rendered":"https:\/\/www.europe-endoscope.com\/?page_id=6067"},"modified":"2021-01-05T14:53:12","modified_gmt":"2021-01-05T13:53:12","slug":"refurbished-endoscopy-equipment","status":"publish","type":"page","link":"https:\/\/europeendoscope.com\/en\/refurbished-endoscopy-equipment\/","title":{"rendered":"\u00c9quipements d&#8217;endoscopie reconditionn\u00e9s"},"content":{"rendered":"<style>.ewd-upcp-product-comparison-button { background: #4b88fd !important; }.ewd-upcp-sale-price { background: #4b88fd !important; }.ewd-upcp-catalog-main-block .ewd-upcp-catalog-product-thumbnail, .ewd-upcp-catalog-main-block .ewd-upcp-catalog-product-thumbnail .ewd-upcp-product-action-button { border-color: #1f448a !important; }.ewd-upcp-catalog-product-thumbnail-body-div a { color: #4b88fd !important; }.ewd-upcp-catalog-product-thumbnail .ewd-upcp-catalog-product-price span { color: #4b88fd !important; }.ewd-upcp-catalog-product-list-content { border: 5px solid #4b88fd !important; }.ewd-upcp-catalog-product-list a.ewd-upcp-product-title { color: #4b88fd !important; }.ewd-upcp-catalog-product-list .ewd-upcp-catalog-product-price span { color: #4b88fd !important; }.ewd-upcp-catalog-product-detail-mid-div a.ewd-upcp-product-title { font-family: arial !important; }.ewd-upcp-catalog-product-detail-mid-div a.ewd-upcp-product-title { font-size: 12 !important; }.ewd-upcp-catalog-product-detail-mid-div a.ewd-upcp-product-title { color: #4b88fd !important; }.ewd-upcp-catalog-product-detail-end-div .ewd-upcp-catalog-product-price span { color: #4b88fd !important; }.ewd-upcp-catalog-sidebar-sort > span:hover, .ewd-upcp-catalog-sidebar-search > span:hover, .ewd-upcp-catalog-sidebar-price-filter > span:hover, .ewd-upcp-catalog-sidebar-title:hover { text-decoration: underline !important; }.ewd-upcp-catalog-sidebar-sort > span, .ewd-upcp-catalog-sidebar-search > span, .ewd-upcp-catalog-sidebar-price-filter > span, .ewd-upcp-catalog-sidebar-title { font-family: Quicksand !important; }.ewd-upcp-catalog-sidebar-sort > span, .ewd-upcp-catalog-sidebar-search > span, .ewd-upcp-catalog-sidebar-price-filter > span, .ewd-upcp-catalog-sidebar-title { font-size: 18 !important; }.ewd-upcp-catalog-sidebar-sort > span, .ewd-upcp-catalog-sidebar-search > span, .ewd-upcp-catalog-sidebar-price-filter > span, .ewd-upcp-catalog-sidebar-title { color: #000000 !important; }.ewd-upcp-catalog-sidebar-content label { color: #000000 !important; }.ewd-upcp-single-product-breadcrumb-link a { font-family: quicksans !important; }.ewd-upcp-single-product-breadcrumb-link a { font-size: 14 !important; }.ewd-upcp-single-product-breadcrumb-link a { color: #4b88fd !important; }<\/style><div id='ewd-upcp-single-product-10143' class='ewd-upcp-tabbed-product-page ewd-upcp-product-page'>\n\n\t<div class='ewd-upcp-single-product-breadcrumbs'>\n\t\n\t\n\t\n\t\n<\/div>\n\t<div class='ewd-upcp-single-product-images-div'>\n\n\t\t<div class='ewd-upcp-single-product-main-image ' data-ulbsource='https:\/\/europeendoscope.com\/wp-content\/uploads\/2020\/07\/CF-HQ190L_COLONOSCOPE_EUROPENENDOSCOPE-2.png'>\n\n\t<img decoding=\"async\" class=\"ewd-upcp-product-image\" src=\"https:\/\/europeendoscope.com\/wp-content\/uploads\/2020\/07\/CF-HQ190L_COLONOSCOPE_EUROPENENDOSCOPE-2.png\" alt=\"CF-H190l-image\" \/>\n<\/div>\n\n<div class='ewd-upcp-single-product-main-video'><\/div>\n\t\t<div class='ewd-upcp-hidden'>\n\n\t\t\t\n\t\t<\/div>\n\n\t\t\n\t\t\n\t\t\n\t<\/div>\n\n\t<div class='ewd-upcp-single-product-details'>\n\n\t\t<div class='ewd-upcp-single-product-details-title-and-price'>\n\n\t\t\t<h2 class='ewd-upcp-single-product-title'>\n\t\n\tCF-H190l\n<\/h2>\n\t\t\t\n\t\t\t<h3 class='ewd-upcp-single-product-price'>\n\n\t<span>\n\t\t\t<\/span>\n\n\t\n<\/h3>\n\t\t\t\n\t\t\t<div class='ewd-upcp-single-product-description'>\n\n\t<ul>\n<li><strong>Largeur du canal<\/strong> : 3.7 mm<\/li>\n<li><strong>Longueur du tube<\/strong> :\u00a0 1330 mm<\/li>\n<li><strong>Champ de vision<\/strong> : Normal 170 \u00b0, Proche 160 \u00b0<\/li>\n<li><strong>Direction de la vue<\/strong> : Vue vers l\u2019avant<\/li>\n<li><strong>Profondeur de champ<\/strong> : Normal 5-100 mm, Proche 2-6 mm<\/li>\n<li><strong>Diam\u00e8tre ext\u00e9rieur<\/strong> :\u00a0 13.2 mm<\/li>\n<li><strong>Diam\u00e8tre ext\u00e9rieur du tube d\u2019insertion<\/strong> : 12.8 mm<\/li>\n<li><strong>Angulation maximum vers le haut<\/strong> : 180 \u00b0<\/li>\n<li><strong>Angulation maximum vers le bas<\/strong> : 180 \u00b0<\/li>\n<li><strong>Angulation maximum \u00e0 droite<\/strong> : 160 \u00b0<\/li>\n<li><strong>Angulation maximum \u00e0 gauche<\/strong> : 160 \u00b0<\/li>\n<li><strong>Longueur totale :<\/strong> 1655 mm<\/li>\n<\/ul>\n<p>&nbsp;<\/p>\n<p><strong>Compatible: <\/strong><\/p>\n<ul>\n<li>Syst\u00e8me vid\u00e9o OLYMPUS CV-190<\/li>\n<li>Source lumineuse OLYMPUS CLV-190<\/li>\n<\/ul>\n\n<\/div>\t\t\n\t\t<\/div>\n\n\t\t<div class='ewd-upcp-single-product-tabs-container'>\n\n\t\t\t<div class='ewd-upcp-single-product-tabs-menu'>\n\n\t\t\t\t<div class='ewd-upcp-single-product-tabs-menu'>\n\n\t<ul>\n\n\t\t\n\t\t\t<li class='ewd-upcp-single-product-menu-tab ewd-upcp-single-product-menu-tab-selected' data-tab='details'>\n\t\t\t\tSpecs\t\t\t<\/li>\n\n\t\t\n\t\t\n\t\t\t<li class='ewd-upcp-single-product-menu-tab ' data-tab='additional_information'>\n\t\t\t\tD\u00e9tail produit\t\t\t<\/li>\n\n\t\t\n\t\t\n\t\t\t<li class='ewd-upcp-single-product-menu-tab ' data-tab='contact'>\n\t\t\t\tContactez-nous\t\t\t<\/li>\n\n\t\t\n\t\t\n\t\t\n\t\t\n\t<\/ul>\n\n<\/div>\n\t\t\t<\/div>\n\n\t\t\t\n\t\t\t<div class='ewd-upcp-single-product-tab ewd-upcp-hidden' data-tab='additional_information'>\n\n\t\t\n\t<div class='ewd-upcp-single-product-categories'>\n\n\t\t<span class='ewd-upcp-single-product-extra-element-label'>\n\t\t\tCategory:\t\t<\/span>\n\n\t\t<span class='ewd-upcp-single-product-extra-element-value'>\n\t\t\tEndoscopes Souples\t\t<\/span>\n\n\t<\/div>\n\n\n\t\n\t<div class='ewd-upcp-single-product-subcategories'>\n\n\t\t<span class='ewd-upcp-single-product-extra-element-label'>\n\t\t\tSub-Category:\t\t<\/span>\n\n\t\t<span class='ewd-upcp-single-product-extra-element-value'>\n\t\t\tColonoscopes\t\t<\/span>\n\n\t<\/div>\n\n\n\n\t\n\t<div class='ewd-upcp-single-product-custom-fields'>\n\n\t\t<div class='ewd-upcp-single-product-custom-field'>\n\n\t<span class='ewd-upcp-single-product-extra-element-label'>\n\t\tMarques:\n\t<\/span>\n\n\t<span class='ewd-upcp-single-product-extra-element-value'>\n\t\tOlympus\t<\/span>\n\n<\/div>\n\t<\/div>\n\n\n<\/div>\n\t\t\t<div class='ewd-upcp-single-product-tab ewd-upcp-hidden' data-tab='contact'>\n\n\t<div class='ewd-upcp-single-product-inquiry-form'>\n\n\t<h4>\n\t\tDemande informations\t<\/h4>\n\n\t\n<div class=\"wpcf7 no-js\" id=\"wpcf7-f5188-o1\" lang=\"en-US\" dir=\"ltr\" data-wpcf7-id=\"5188\">\n<div class=\"screen-reader-response\"><p role=\"status\" aria-live=\"polite\" aria-atomic=\"true\"><\/p> <ul><\/ul><\/div>\n<form action=\"\/en\/wp-json\/wp\/v2\/pages\/6067#wpcf7-f5188-o1\" method=\"post\" class=\"wpcf7-form init\" aria-label=\"Contact form\" novalidate=\"novalidate\" data-status=\"init\">\n<fieldset class=\"hidden-fields-container\"><input type=\"hidden\" name=\"_wpcf7\" value=\"5188\" \/><input type=\"hidden\" name=\"_wpcf7_version\" value=\"6.1.5\" \/><input type=\"hidden\" name=\"_wpcf7_locale\" value=\"en_US\" \/><input type=\"hidden\" name=\"_wpcf7_unit_tag\" value=\"wpcf7-f5188-o1\" \/><input type=\"hidden\" name=\"_wpcf7_container_post\" value=\"0\" \/><input type=\"hidden\" name=\"_wpcf7_posted_data_hash\" value=\"\" \/>\n<\/fieldset>\n<p>Nous r\u00e9pondons \u00e0 toutes vos questions concernant le mat\u00e9riel d'endoscopie en appelant au (+33) 187 200 014 ou en nous contactant par email.\n<\/p>\n<p>\u00c9tablissement\/Soci\u00e9t\u00e9*\n<\/p>\n<p><span class=\"wpcf7-form-control-wrap\" data-name=\"your-name\"><input size=\"40\" maxlength=\"400\" class=\"wpcf7-form-control wpcf7-form-control form-control wpcf7-validates-as-required\" aria-required=\"true\" aria-invalid=\"false\" value=\"\" type=\"text\" name=\"your-name\" \/><\/span>\n<\/p>\n<p>Votre nom*\n<\/p>\n<p><span class=\"wpcf7-form-control-wrap\" data-name=\"your-name\"><input size=\"40\" maxlength=\"400\" class=\"wpcf7-form-control wpcf7-form-control form-control wpcf7-validates-as-required\" aria-required=\"true\" aria-invalid=\"false\" value=\"\" type=\"text\" name=\"your-name\" \/><\/span>\n<\/p>\n<p>Votre email*\n<\/p>\n<p><span class=\"wpcf7-form-control-wrap\" data-name=\"your-email\"><input size=\"40\" maxlength=\"400\" class=\"wpcf7-form-control wpcf7-form-control form-control wpcf7-validates-as-required wpcf7-form-control form-control wpcf7-validates-as-email\" aria-required=\"true\" aria-invalid=\"false\" value=\"\" type=\"email\" name=\"your-email\" \/><\/span>\n<\/p>\n<p>T\u00e9l\u00e9phone*\n<\/p>\n<p><span class=\"wpcf7-form-control-wrap\" data-name=\"your-name\"><input size=\"40\" maxlength=\"400\" class=\"wpcf7-form-control wpcf7-form-control form-control wpcf7-validates-as-required\" aria-required=\"true\" aria-invalid=\"false\" value=\"\" type=\"text\" name=\"your-name\" \/><\/span>\n<\/p>\n<p>Pays*\n<\/p>\n<p><span class=\"wpcf7-form-control-wrap\" data-name=\"your-name\"><input size=\"40\" maxlength=\"400\" class=\"wpcf7-form-control wpcf7-form-control form-control wpcf7-validates-as-required\" aria-required=\"true\" aria-invalid=\"false\" value=\"\" type=\"text\" name=\"your-name\" \/><\/span>\n<\/p>\n<p>Demande de renseignements produit\n<\/p>\n<p><span class=\"wpcf7-form-control-wrap\" data-name=\"product-name\"><input size=\"40\" maxlength=\"400\" class=\"wpcf7-form-control wpcf7-form-control form-control\" aria-invalid=\"false\" value=\"CF-H190l\" type=\"text\" name=\"product-name\" \/><\/span>\n<\/p>\n<p>Votre Message\n<\/p>\n<p><span class=\"wpcf7-form-control-wrap\" data-name=\"your-message\"><textarea cols=\"40\" rows=\"10\" maxlength=\"2000\" class=\"wpcf7-form-control wpcf7-form-control wpcf7-form-control form-control\" aria-invalid=\"false\" name=\"your-message\"><\/textarea><\/span>\n<\/p>\n<p><input class=\"wpcf7-form-control wpcf7-submit btn btn-primary has-spinner\" type=\"submit\" value=\"Envoyer\" \/>\n<\/p><div class=\"wpcf7-response-output\" aria-hidden=\"true\"><\/div>\n<\/form>\n<\/div>\n\n<\/div>\n<\/div>\n\t\t\t\n\t\t\t\n\t\t\t\t\t\t\t\n\t\t<\/div>\n\n\t<\/div>\n\n\t<div class='ewd-upcp-single-product-bottom-div'>\n\n\t\t\n\t\t<div class='ewd-upcp-next-previous-products'>\n\n\t\n\t\t<div class='ewd-upcp-next-product'>\n\n\t\t\t<div class='ewd-upcp-next-previous-title'>\n\t\t\t\tNext Product\t\t\t<\/div>\n\n\t\t\t<div class='ewd-upcp-minimal-product'>\n\n\t<a class='ewd-upcp-product-details-link' href='https:\/\/europeendoscope.com\/en\/upcp_product\/gastroscope-eg-16k10\/?singleproduct=10144' >\n\n\t\t<div class='ewd-upcp-minimal-product-image'>\n\t\t\t<img decoding=\"async\" class=\"ewd-upcp-product-image\" src=\"https:\/\/europeendoscope.com\/wp-content\/uploads\/2020\/09\/EG-16K10_GASTROSCOPES2-1.png\" alt=\"EG-16K10-image\" \/>\t\t<\/div>\n\n\t\t<div class='ewd-upcp-minimal-product-title'>\n\t\t\tEG-16K10\t\t<\/div>\n\n\t\t<div class='ewd-upcp-minimal-product-price'>\n\t\t\t\t\t<\/div>\n\n\t<\/a>\n\n<\/div>\n\t\t<\/div>\n\n\t\n\t\n<\/div>\n\t<\/div> \n\n<\/div>","protected":false},"excerpt":{"rendered":"<p>EG-16K10 Largeur du canal : 5.4 mm Longueur du tube : L : 1110 mm Champ de vision : 140\u00b0 Extr\u00e9mit\u00e9 distale\u00a0: 5.2 mm Canal de l\u2019instrument : 2 mm Angulation maximum vers le haut : 210 \u00b0 Angulation maximum vers le bas : 210 \u00b0 Angulation maximum \u00e0 droite : 120 \u00b0 Angulation maximum [&hellip;]<\/p>\n","protected":false},"author":10,"featured_media":5884,"parent":0,"menu_order":0,"comment_status":"closed","ping_status":"closed","template":"","meta":{"footnotes":""},"class_list":["post-6067","page","type-page","status-publish","has-post-thumbnail","hentry"],"yoast_head":"<!-- This site is optimized with the Yoast SEO plugin v27.4 - https:\/\/yoast.com\/product\/yoast-seo-wordpress\/ -->\n<title>\u00c9quipements d&#039;endoscopie reconditionn\u00e9s - Europe Endoscope<\/title>\n<meta name=\"robots\" content=\"index, follow, max-snippet:-1, max-image-preview:large, max-video-preview:-1\" \/>\n<link rel=\"canonical\" href=\"https:\/\/europeendoscope.com\/en\/refurbished-endoscopy-equipment\/\" \/>\n<meta property=\"og:locale\" content=\"en_US\" \/>\n<meta property=\"og:type\" content=\"article\" \/>\n<meta property=\"og:title\" content=\"\u00c9quipements d&#039;endoscopie reconditionn\u00e9s - Europe Endoscope\" \/>\n<meta property=\"og:description\" content=\"CF-H190l Largeur du canal : 3.7 mm Longueur du tube :\u00a0 1330 mm Champ de vision : Normal 170 \u00b0, Proche 160 \u00b0 Direction de la vue : Vue vers l\u2019avant Profondeur de champ : Normal 5-100 mm, Proche 2-6 mm Diam\u00e8tre ext\u00e9rieur :\u00a0 13.2 mm Diam\u00e8tre ext\u00e9rieur du tube d\u2019insertion : 12.8 mm Angulation [&hellip;]\" \/>\n<meta property=\"og:url\" content=\"https:\/\/europeendoscope.com\/en\/refurbished-endoscopy-equipment\/\" \/>\n<meta property=\"og:site_name\" content=\"Europe Endoscope\" \/>\n<meta property=\"article:modified_time\" content=\"2021-01-05T13:53:12+00:00\" \/>\n<meta property=\"og:image\" content=\"https:\/\/europeendoscope.com\/wp-content\/uploads\/2020\/06\/location-endoscope-europe-endoscope-scaled.jpg\" \/>\n\t<meta property=\"og:image:width\" content=\"2560\" \/>\n\t<meta property=\"og:image:height\" content=\"1920\" \/>\n\t<meta property=\"og:image:type\" content=\"image\/jpeg\" \/>\n<meta name=\"twitter:card\" content=\"summary_large_image\" \/>\n<script type=\"application\/ld+json\" class=\"yoast-schema-graph\">{\"@context\":\"https:\\\/\\\/schema.org\",\"@graph\":[{\"@type\":\"WebPage\",\"@id\":\"https:\\\/\\\/europeendoscope.com\\\/en\\\/refurbished-endoscopy-equipment\\\/\",\"url\":\"https:\\\/\\\/europeendoscope.com\\\/en\\\/refurbished-endoscopy-equipment\\\/\",\"name\":\"\u00c9quipements d'endoscopie reconditionn\u00e9s - Europe Endoscope\",\"isPartOf\":{\"@id\":\"https:\\\/\\\/europeendoscope.com\\\/#website\"},\"primaryImageOfPage\":{\"@id\":\"https:\\\/\\\/europeendoscope.com\\\/en\\\/refurbished-endoscopy-equipment\\\/#primaryimage\"},\"image\":{\"@id\":\"https:\\\/\\\/europeendoscope.com\\\/en\\\/refurbished-endoscopy-equipment\\\/#primaryimage\"},\"thumbnailUrl\":\"https:\\\/\\\/europeendoscope.com\\\/wp-content\\\/uploads\\\/2020\\\/06\\\/location-endoscope-europe-endoscope-scaled.jpg\",\"datePublished\":\"2020-06-23T09:41:11+00:00\",\"dateModified\":\"2021-01-05T13:53:12+00:00\",\"breadcrumb\":{\"@id\":\"https:\\\/\\\/europeendoscope.com\\\/en\\\/refurbished-endoscopy-equipment\\\/#breadcrumb\"},\"inLanguage\":\"en-US\",\"potentialAction\":[{\"@type\":\"ReadAction\",\"target\":[\"https:\\\/\\\/europeendoscope.com\\\/en\\\/refurbished-endoscopy-equipment\\\/\"]}]},{\"@type\":\"ImageObject\",\"inLanguage\":\"en-US\",\"@id\":\"https:\\\/\\\/europeendoscope.com\\\/en\\\/refurbished-endoscopy-equipment\\\/#primaryimage\",\"url\":\"https:\\\/\\\/europeendoscope.com\\\/wp-content\\\/uploads\\\/2020\\\/06\\\/location-endoscope-europe-endoscope-scaled.jpg\",\"contentUrl\":\"https:\\\/\\\/europeendoscope.com\\\/wp-content\\\/uploads\\\/2020\\\/06\\\/location-endoscope-europe-endoscope-scaled.jpg\",\"width\":2560,\"height\":1920},{\"@type\":\"BreadcrumbList\",\"@id\":\"https:\\\/\\\/europeendoscope.com\\\/en\\\/refurbished-endoscopy-equipment\\\/#breadcrumb\",\"itemListElement\":[{\"@type\":\"ListItem\",\"position\":1,\"name\":\"Home\",\"item\":\"https:\\\/\\\/europeendoscope.com\\\/en\\\/\"},{\"@type\":\"ListItem\",\"position\":2,\"name\":\"\u00c9quipements d&#8217;endoscopie reconditionn\u00e9s\"}]},{\"@type\":\"WebSite\",\"@id\":\"https:\\\/\\\/europeendoscope.com\\\/#website\",\"url\":\"https:\\\/\\\/europeendoscope.com\\\/\",\"name\":\"Europe Endoscope\",\"description\":\"R\u00e9paration et vente d&#039;\u00e9quipements d&#039;endoscopie\",\"publisher\":{\"@id\":\"https:\\\/\\\/europeendoscope.com\\\/#organization\"},\"potentialAction\":[{\"@type\":\"SearchAction\",\"target\":{\"@type\":\"EntryPoint\",\"urlTemplate\":\"https:\\\/\\\/europeendoscope.com\\\/?s={search_term_string}\"},\"query-input\":{\"@type\":\"PropertyValueSpecification\",\"valueRequired\":true,\"valueName\":\"search_term_string\"}}],\"inLanguage\":\"en-US\"},{\"@type\":\"Organization\",\"@id\":\"https:\\\/\\\/europeendoscope.com\\\/#organization\",\"name\":\"Europe Endoscope\",\"url\":\"https:\\\/\\\/europeendoscope.com\\\/\",\"logo\":{\"@type\":\"ImageObject\",\"inLanguage\":\"en-US\",\"@id\":\"https:\\\/\\\/europeendoscope.com\\\/#\\\/schema\\\/logo\\\/image\\\/\",\"url\":\"https:\\\/\\\/www.europe-endoscope.com\\\/wp-content\\\/uploads\\\/2019\\\/10\\\/Logo-EE-WP-1.png\",\"contentUrl\":\"https:\\\/\\\/www.europe-endoscope.com\\\/wp-content\\\/uploads\\\/2019\\\/10\\\/Logo-EE-WP-1.png\",\"width\":523,\"height\":87,\"caption\":\"Europe Endoscope\"},\"image\":{\"@id\":\"https:\\\/\\\/europeendoscope.com\\\/#\\\/schema\\\/logo\\\/image\\\/\"}}]}<\/script>\n<!-- \/ Yoast SEO plugin. -->","yoast_head_json":{"title":"\u00c9quipements d'endoscopie reconditionn\u00e9s - Europe Endoscope","robots":{"index":"index","follow":"follow","max-snippet":"max-snippet:-1","max-image-preview":"max-image-preview:large","max-video-preview":"max-video-preview:-1"},"canonical":"https:\/\/europeendoscope.com\/en\/refurbished-endoscopy-equipment\/","og_locale":"en_US","og_type":"article","og_title":"\u00c9quipements d'endoscopie reconditionn\u00e9s - Europe Endoscope","og_description":"EG-16K10 Largeur du canal : 5.4 mm Longueur du tube : L : 1110 mm Champ de vision : 140\u00b0 Extr\u00e9mit\u00e9 distale\u00a0: 5.2 mm Canal de l\u2019instrument : 2 mm Angulation maximum vers le haut : 210 \u00b0 Angulation maximum vers le bas : 210 \u00b0 Angulation maximum \u00e0 droite : 120 \u00b0 Angulation maximum [&hellip;]","og_url":"https:\/\/europeendoscope.com\/en\/refurbished-endoscopy-equipment\/","og_site_name":"Europe Endoscope","article_modified_time":"2021-01-05T13:53:12+00:00","og_image":[{"width":2560,"height":1920,"url":"https:\/\/europeendoscope.com\/wp-content\/uploads\/2020\/06\/location-endoscope-europe-endoscope-scaled.jpg","type":"image\/jpeg"}],"twitter_card":"summary_large_image","schema":{"@context":"https:\/\/schema.org","@graph":[{"@type":"WebPage","@id":"https:\/\/europeendoscope.com\/en\/refurbished-endoscopy-equipment\/","url":"https:\/\/europeendoscope.com\/en\/refurbished-endoscopy-equipment\/","name":"\u00c9quipements d'endoscopie reconditionn\u00e9s - Europe Endoscope","isPartOf":{"@id":"https:\/\/europeendoscope.com\/#website"},"primaryImageOfPage":{"@id":"https:\/\/europeendoscope.com\/en\/refurbished-endoscopy-equipment\/#primaryimage"},"image":{"@id":"https:\/\/europeendoscope.com\/en\/refurbished-endoscopy-equipment\/#primaryimage"},"thumbnailUrl":"https:\/\/europeendoscope.com\/wp-content\/uploads\/2020\/06\/location-endoscope-europe-endoscope-scaled.jpg","datePublished":"2020-06-23T09:41:11+00:00","dateModified":"2021-01-05T13:53:12+00:00","breadcrumb":{"@id":"https:\/\/europeendoscope.com\/en\/refurbished-endoscopy-equipment\/#breadcrumb"},"inLanguage":"en-US","potentialAction":[{"@type":"ReadAction","target":["https:\/\/europeendoscope.com\/en\/refurbished-endoscopy-equipment\/"]}]},{"@type":"ImageObject","inLanguage":"en-US","@id":"https:\/\/europeendoscope.com\/en\/refurbished-endoscopy-equipment\/#primaryimage","url":"https:\/\/europeendoscope.com\/wp-content\/uploads\/2020\/06\/location-endoscope-europe-endoscope-scaled.jpg","contentUrl":"https:\/\/europeendoscope.com\/wp-content\/uploads\/2020\/06\/location-endoscope-europe-endoscope-scaled.jpg","width":2560,"height":1920},{"@type":"BreadcrumbList","@id":"https:\/\/europeendoscope.com\/en\/refurbished-endoscopy-equipment\/#breadcrumb","itemListElement":[{"@type":"ListItem","position":1,"name":"Home","item":"https:\/\/europeendoscope.com\/en\/"},{"@type":"ListItem","position":2,"name":"\u00c9quipements d&#8217;endoscopie reconditionn\u00e9s"}]},{"@type":"WebSite","@id":"https:\/\/europeendoscope.com\/#website","url":"https:\/\/europeendoscope.com\/","name":"Europe Endoscope","description":"R\u00e9paration et vente d&#039;\u00e9quipements d&#039;endoscopie","publisher":{"@id":"https:\/\/europeendoscope.com\/#organization"},"potentialAction":[{"@type":"SearchAction","target":{"@type":"EntryPoint","urlTemplate":"https:\/\/europeendoscope.com\/?s={search_term_string}"},"query-input":{"@type":"PropertyValueSpecification","valueRequired":true,"valueName":"search_term_string"}}],"inLanguage":"en-US"},{"@type":"Organization","@id":"https:\/\/europeendoscope.com\/#organization","name":"Europe Endoscope","url":"https:\/\/europeendoscope.com\/","logo":{"@type":"ImageObject","inLanguage":"en-US","@id":"https:\/\/europeendoscope.com\/#\/schema\/logo\/image\/","url":"https:\/\/www.europe-endoscope.com\/wp-content\/uploads\/2019\/10\/Logo-EE-WP-1.png","contentUrl":"https:\/\/www.europe-endoscope.com\/wp-content\/uploads\/2019\/10\/Logo-EE-WP-1.png","width":523,"height":87,"caption":"Europe Endoscope"},"image":{"@id":"https:\/\/europeendoscope.com\/#\/schema\/logo\/image\/"}}]}},"_links":{"self":[{"href":"https:\/\/europeendoscope.com\/en\/wp-json\/wp\/v2\/pages\/6067","targetHints":{"allow":["GET"]}}],"collection":[{"href":"https:\/\/europeendoscope.com\/en\/wp-json\/wp\/v2\/pages"}],"about":[{"href":"https:\/\/europeendoscope.com\/en\/wp-json\/wp\/v2\/types\/page"}],"author":[{"embeddable":true,"href":"https:\/\/europeendoscope.com\/en\/wp-json\/wp\/v2\/users\/10"}],"replies":[{"embeddable":true,"href":"https:\/\/europeendoscope.com\/en\/wp-json\/wp\/v2\/comments?post=6067"}],"version-history":[{"count":0,"href":"https:\/\/europeendoscope.com\/en\/wp-json\/wp\/v2\/pages\/6067\/revisions"}],"wp:featuredmedia":[{"embeddable":true,"href":"https:\/\/europeendoscope.com\/en\/wp-json\/wp\/v2\/media\/5884"}],"wp:attachment":[{"href":"https:\/\/europeendoscope.com\/en\/wp-json\/wp\/v2\/media?parent=6067"}],"curies":[{"name":"wp","href":"https:\/\/api.w.org\/{rel}","templated":true}]}}