{"id":4183,"date":"2020-05-25T15:10:51","date_gmt":"2020-05-25T13:10:51","guid":{"rendered":"https:\/\/www.europe-endoscope.com\/?page_id=4183"},"modified":"2020-05-25T15:13:42","modified_gmt":"2020-05-25T13:13:42","slug":"politique-de-confidentialite","status":"publish","type":"page","link":"https:\/\/europeendoscope.com\/en\/politique-de-confidentialite\/","title":{"rendered":"Politique de confidentialit\u00e9"},"content":{"rendered":"\t\t<div data-elementor-type=\"wp-page\" data-elementor-id=\"4183\" class=\"elementor elementor-4183\" data-elementor-settings=\"{&quot;ha_cmc_init_switcher&quot;:&quot;no&quot;}\">\n\t\t\t\t\t\t<section class=\"elementor-section elementor-top-section elementor-element elementor-element-5398910 elementor-section-boxed elementor-section-height-default elementor-section-height-default\" data-id=\"5398910\" data-element_type=\"section\" data-settings=\"{&quot;_ha_eqh_enable&quot;:false}\">\n\t\t\t\t\t\t<div class=\"elementor-container elementor-column-gap-default\">\n\t\t\t\t\t<div class=\"elementor-column elementor-col-100 elementor-top-column elementor-element elementor-element-37603f7\" data-id=\"37603f7\" data-element_type=\"column\">\n\t\t\t<div class=\"elementor-widget-wrap elementor-element-populated\">\n\t\t\t\t\t\t<div class=\"elementor-element elementor-element-6413020 elementor-widget elementor-widget-text-editor\" data-id=\"6413020\" data-element_type=\"widget\" data-widget_type=\"text-editor.default\">\n\t\t\t\t<div class=\"elementor-widget-container\">\n\t\t\t\t\t\t\t<p><span style=\"color: #427fdf;\"><strong>Politique de Confidentialit\u00e9 <\/strong><strong>EUROPE ENDOSCOPE<\/strong><\/span><\/p>\n<p><strong>Mise \u00e0 jour le 10 janvier 2020.<\/strong><\/p>\n<p>La protection des donn\u00e9es personnelles est primordiale pour EUROPE ENDOSCOPE qui souhaite expliquer de mani\u00e8re claire et transparence, comment et pourquoi, elle collecte, traite, stocke et utilise les donn\u00e9es&nbsp;personnelles des utilisateurs.<\/p>\n<p>La pr\u00e9sente Politique de Confidentialit\u00e9 pr\u00e9sente \u00e9galement, les droits et les outils de contr\u00f4le, dont disposent les Utilisateurs quant au traitement de leurs donn\u00e9es personnelles.&nbsp;&nbsp;<\/p>\n<ol>\n<li><span style=\"color: #427fdf;\"><strong>INFORMATIONS SUR LA SOCI\u00c9T\u00c9<\/strong><\/span><\/li>\n<\/ol>\n<p>La pr\u00e9sente politique de confidentialit\u00e9 (ci-apr\u00e8s la \u00ab&nbsp;Politique de Confidentialit\u00e9&nbsp;\u00bb) est propos\u00e9e par la soci\u00e9t\u00e9 EUROPE ENDOSCOPE, SAS, au capital de 1000 euros, immatricul\u00e9e au Registre du Commerce et des Soci\u00e9t\u00e9s de VERSAILLES, sous le num\u00e9ro 847&nbsp;971 215. Son si\u00e8ge social est situ\u00e9 41 Avenue du Manet \u2013 78180 Montigny-Le-Bretonneux (ci-apr\u00e8s la \u00ab&nbsp;Soci\u00e9t\u00e9).<\/p>\n<p>Son num\u00e9ro de t\u00e9l\u00e9phone est le : 01 87 20 00 14 &nbsp;et son adresse de courrier \u00e9lectronique est&nbsp;: <a href=\"mailto:contact@amw-health.com\">contact@amw-health.com<\/a>.<\/p>\n<p>La Soci\u00e9t\u00e9 met \u00e0 la disposition des utilisateurs (ci-apr\u00e8s le ou les \u00ab&nbsp;Utilisateur(s)\u2018\u2019) le site Internet <a href=\"http:\/\/www.europe-endoscope.com\">www.europe-endoscope.com<\/a> (ci-apr\u00e8s le \u00ab&nbsp;Site&nbsp;\u00bb) qui leur permet de contacter la Soci\u00e9t\u00e9 via la rubrique \u00ab&nbsp;Contact&nbsp;\u00bb.<\/p>\n<ol start=\"2\">\n<li><span style=\"color: #427fdf;\"><strong>Quelles informations la Soci\u00e9t\u00e9 collecte aupr\u00e8s de ses Utilisateurs ?&nbsp;<\/strong><\/span><\/li>\n<\/ol>\n<p>Afin de permettre aux Utilisateurs de pouvoir contacter la Soci\u00e9t\u00e9 via le Site, la Soci\u00e9t\u00e9 agissant en tant que responsable de traitement, doit collecter des donn\u00e9es nominatives relatives aux Utilisateurs, notamment les donn\u00e9es personnelles suivantes :<\/p>\n<ul>\n<li>Nom et pr\u00e9nom ;<\/li>\n<li>Adresse email&nbsp;;<\/li>\n<li>Message<\/li>\n<\/ul>\n<p>L\u2019Utilisateur est inform\u00e9 que s\u2019il ne souhaite pas fournir les donn\u00e9es personnelles demand\u00e9es, il ne pourra pas \u00eatre recontact\u00e9 par la Soci\u00e9t\u00e9.<\/p>\n<ol start=\"3\">\n<li><span style=\"color: #427fdf;\"><strong>Les donn\u00e9es personnelles des mineurs sur le Site <\/strong><\/span><\/li>\n<\/ol>\n<p>Le Site ne peut \u00eatre utilis\u00e9 que par des personnes \u00e2g\u00e9es de quinze ans et plus. Si une personne de moins de quinze ans souhaite utiliser le Site, elle devra obtenir l\u2019accord expr\u00e8s de son repr\u00e9sentant l\u00e9gal.<\/p>\n<ol start=\"4\">\n<li><strong><span style=\"color: #427fdf;\">Comment et pourquoi les donn\u00e9es personnelles des Utilisateurs sont-elles utilis\u00e9es\u202f?<\/span>&nbsp;&nbsp;<\/strong><\/li>\n<\/ol>\n<p>La Soci\u00e9t\u00e9 utilise les donn\u00e9es personnelles des Utilisateurs pour les finalit\u00e9s suivantes :<\/p>\n<table width=\"536\">\n<tbody>\n<tr>\n<td width=\"196\">\n<p><strong>Finalit\u00e9<\/strong><\/p>\n<\/td>\n<td width=\"340\">\n<p><strong>Base l\u00e9gale du traitement<\/strong><\/p>\n<\/td>\n<\/tr>\n<tr>\n<td width=\"196\">\n<p>Gestion et r\u00e9ponse des demandes de contact de l\u2019Utilisateur<\/p>\n<\/td>\n<td width=\"340\">\n<p>Le traitement est bas\u00e9 sur le consentement de l\u2019Utilisateur<\/p>\n<\/td>\n<\/tr>\n<tr>\n<td width=\"196\">\n<p>Information sur la Soci\u00e9t\u00e9, les prestations, et les activit\u00e9s de la Soci\u00e9t\u00e9 (prospection commerciale)<\/p>\n<\/td>\n<td width=\"340\">\n<p>Le traitement est bas\u00e9 sur le consentement de l\u2019Utilisateur<\/p>\n<\/td>\n<\/tr>\n<tr>\n<td width=\"196\">\n<p>R\u00e9ponse aux \u00e9ventuelles questions\/r\u00e9clamations des Utilisateurs<\/p>\n<\/td>\n<td width=\"340\">\n<p>Le traitement est bas\u00e9 sur le consentement de l\u2019Utilisateur<\/p>\n<\/td>\n<\/tr>\n<tr>\n<td width=\"196\">\n<p>Gestion des demandes de droits d\u2019acc\u00e8s, de portabilit\u00e9, d\u2019effacement, de limitation de traitement, de rectification et d\u2019opposition<\/p>\n<\/td>\n<td width=\"340\">\n<p>Le traitement est n\u00e9cessaire pour r\u00e9pondre aux demandes des Utilisateurs bas\u00e9 sur le consentement de l\u2019Utilisateur<\/p>\n<\/td>\n<\/tr>\n<\/tbody>\n<\/table>\n<ol start=\"5\">\n<li><span style=\"color: #427fdf;\"><strong>Avec quels tiers la Soci\u00e9t\u00e9 partage-t-elle les donn\u00e9es personnelles de ses Utilisateurs&nbsp;? <\/strong><\/span><\/li>\n<\/ol>\n<p>Les donn\u00e9es personnelles des Utilisateurs sont trait\u00e9es par la Soci\u00e9t\u00e9, et par les sous-traitants qui soutiennent l&#8217;activit\u00e9 de la Soci\u00e9t\u00e9.<strong>&nbsp;<\/strong><\/p>\n<ol start=\"6\">\n<li><span style=\"color: #427fdf;\"><strong>Quels sont les droits des Utilisateurs&nbsp;? <\/strong><\/span><\/li>\n<\/ol>\n<p>Les Utilisateurs b\u00e9n\u00e9ficient de plusieurs droits r\u00e9sum\u00e9s ci-apr\u00e8s&nbsp;:<\/p>\n<ul>\n<li><strong>Droit d&#8217;acc\u00e8s<\/strong> : le droit d&#8217;\u00eatre inform\u00e9 et de demander l&#8217;acc\u00e8s aux donn\u00e9es personnelles que la Soci\u00e9t\u00e9 traite ;<\/li>\n<li><strong>Droit de rectification<\/strong> : le droit de demander \u00e0 la Soci\u00e9t\u00e9 de modifier ou de mettre \u00e0 jour les donn\u00e9es personnelles lorsqu&#8217;elles sont inexactes ou incompl\u00e8tes ;<\/li>\n<li><strong>Droit d&#8217;efface<\/strong><b>ment<\/b> : le droit de demander \u00e0 la Soci\u00e9t\u00e9 de supprimer d\u00e9finitivement les donn\u00e9es personnelles ;<\/li>\n<li><strong>Droit de limitation<\/strong> : le droit de demander \u00e0 la Soci\u00e9t\u00e9 d&#8217;arr\u00eater temporairement le traitement de tout ou partie des donn\u00e9es personnelles ;<\/li>\n<li><strong>Droit d\u2019opposition <\/strong>:<\/li>\n<li>le droit de refuser \u00e0 tout moment le traitement des donn\u00e9es personnelles ;<\/li>\n<li>le droit de refuser le traitement des donn\u00e9es personnelles \u00e0 des fins marketing.<\/li>\n<li><strong>Droit de retirer son consentement&nbsp;:<\/strong> le droit de retirer son consentement au traitement des donn\u00e9es personnelles \u00e0 tout moment, par le biais d\u2019une modalit\u00e9 simple et \u00e9quivalente \u00e0 celle utilis\u00e9e pour recueillir le consentement de l\u2019Utilisateur&nbsp;;<\/li>\n<li><strong>Droit \u00e0 la portabilit\u00e9 des donn\u00e9es<\/strong> : le droit de demander une copie des donn\u00e9es personnelles au format \u00e9lectronique et le droit de demander la transmission de ces donn\u00e9es personnelles pour une utilisation par un service tiers&nbsp;;<\/li>\n<li><strong>Droit de donner des directives post mortem&nbsp;:<\/strong> l\u2019Utilisateur peut donner \u00e0 la Soci\u00e9t\u00e9 des directives relatives \u00e0 la conservation, \u00e0 l&#8217;effacement et \u00e0 la communication de ses donn\u00e9es \u00e0 caract\u00e8re personnel apr\u00e8s son d\u00e9c\u00e8s. En l\u2019absence de telles directives, la Soci\u00e9t\u00e9 fera droit aux demandes des h\u00e9ritiers telles que limitativement \u00e9nonc\u00e9es \u00e0 l\u2019article 40-1, III de la Loi Informatique et Libert\u00e9s.<\/li>\n<\/ul>\n<ol start=\"7\">\n<li><strong><span style=\"color: #427fdf;\">Comment l\u2019Utilisateur peut-il exercer ses droits\u202f?&nbsp;<\/span>&nbsp;<\/strong><\/li>\n<\/ol>\n<p>Pour exercer les droits ci-dessus \u00e9nonc\u00e9s et pour toute questions relatives au traitement des donn\u00e9es personnelles, l\u2019Utilisateur peut contacter la Soci\u00e9t\u00e9 \u00e0 l\u2019adresse email suivante&nbsp;: <a href=\"mailto:contact@amw-health.com\">contact@amw-health.com<\/a> &nbsp;ou par t\u00e9l\u00e9phone au num\u00e9ro suivant&nbsp;: 01 87 20 00 14.<\/p>\n<p>Afin que la Soci\u00e9t\u00e9 traite le plus rapidement possible la demande, l\u2019Utilisateur peut indiquer dans sa demande son objet et le contexte dans lequel ses donn\u00e9es personnelles ont \u00e9t\u00e9 collect\u00e9es par la Soci\u00e9t\u00e9. Il devra \u00e9galement fournir la copie recto verso de sa carte d\u2019identit\u00e9.<\/p>\n<ol start=\"8\">\n<li><span style=\"color: #427fdf;\"><strong>Comment la Soci\u00e9t\u00e9 s\u00e9curise les donn\u00e9es personnelles&nbsp;des Utilisateurs&nbsp;? <\/strong><\/span><\/li>\n<\/ol>\n<p>La Soci\u00e9t\u00e9 veille \u00e0 s\u00e9curiser les donn\u00e9es personnelles des Utilisateurs en mettant en \u0153uvre les mesures techniques et organisationnelles appropri\u00e9es afin de garantir un niveau de s\u00e9curit\u00e9 adapt\u00e9 au risque, telles que la pseudonymisation et le chiffrement des donn\u00e9es personnelles des Utilisateurs, tout moyen permettant de garantir la confidentialit\u00e9, l\u2019int\u00e9grit\u00e9, la disponibilit\u00e9 et la r\u00e9silience constantes des syst\u00e8mes et des services de traitement, tout moyen permettant de r\u00e9tablir la disponibilit\u00e9 et l&#8217;acc\u00e8s aux donn\u00e9es personnelles des Utilisateurs, ainsi qu&#8217;une proc\u00e9dure visant \u00e0 tester, \u00e0 analyser et \u00e0 \u00e9valuer r\u00e9guli\u00e8rement l\u2019efficacit\u00e9 des mesures techniques et organisationnelles mises en place.<\/p>\n<ol start=\"9\">\n<li><span style=\"color: #427fdf;\"><strong>Quelles sont les dur\u00e9es de conservation des donn\u00e9es personnelles&nbsp;des Utilisateurs&nbsp;? <\/strong><\/span><\/li>\n<\/ol>\n<p>Les donn\u00e9es personnelles des Utilisateurs sont conserv\u00e9es uniquement pour le temps n\u00e9cessaire \u00e0 la r\u00e9alisation de la finalit\u00e9 pour laquelle la Soci\u00e9t\u00e9 d\u00e9tient ces donn\u00e9es, afin de r\u00e9pondre aux besoins des Utilisateurs ou pour remplir ses obligations l\u00e9gales.<\/p>\n<p>Pour \u00e9tablir la dur\u00e9e de conservation des donn\u00e9es personnelles, la Soci\u00e9t\u00e9 applique les crit\u00e8res suivants :<\/p>\n<ul>\n<li>si l\u2019Utilisateur fait une demande aupr\u00e8s de la Soci\u00e9t\u00e9, les donn\u00e9es personnelles seront conserv\u00e9es pour la dur\u00e9e n\u00e9cessaire au traitement de la demande&nbsp;;<\/li>\n<li>la Soci\u00e9t\u00e9 peut conserver les donn\u00e9es des Utilisateurs pour une dur\u00e9e de trois ans \u00e0 des fins de prospection commerciale.<\/li>\n<\/ul>\n<p>A l\u2019issue des dur\u00e9es mentionn\u00e9es ci-dessus, les donn\u00e9es personnelles seront supprim\u00e9es ou la Soci\u00e9t\u00e9 proc\u00e9dera \u00e0 leur anonymisation.<\/p>\n<ol start=\"10\">\n<li><strong><span style=\"color: #427fdf;\">Les liens sur le Site de la Soci\u00e9t\u00e9 vers des sites de tiers<\/span>&nbsp;<\/strong><\/li>\n<\/ol>\n<p>Afin d&#8217;am\u00e9liorer la qualit\u00e9 du Site, la Soci\u00e9t\u00e9 peut inclure sur le Site des liens renvoyant vers des sites de tiers. Ces sites ont une politique de confidentialit\u00e9 diff\u00e9rente et ind\u00e9pendante de celle de la Soci\u00e9t\u00e9. L\u2019Utilisateur est invit\u00e9 \u00e0 consulter la politique de confidentialit\u00e9 des sites tiers qu\u2019il visite.<\/p>\n<ol start=\"11\">\n<li><span style=\"color: #427fdf;\"><strong>Le droit de r\u00e9clamation de l\u2019Utilisateur aupr\u00e8s de la CNIL\u202f&nbsp;<\/strong><\/span><\/li>\n<\/ol>\n<p>En cas de r\u00e9clamation, les Utilisateurs peuvent contacter la CNIL qui est l\u2019autorit\u00e9 comp\u00e9tente en mati\u00e8re de protection des donn\u00e9es personnelles, dont voici les coordonn\u00e9es : 3 Place de Fontenoy, 75007 Paris, t\u00e9l\u00e9phone : 01 53 73 22 22.<\/p>\n<ol start=\"12\">\n<li><span style=\"color: #427fdf;\"><strong>Modification de notre Politique de Confidentialit\u00e9<\/strong><\/span><\/li>\n<\/ol>\n<p>La pr\u00e9sente Politique de Confidentialit\u00e9 peut \u00eatre modifi\u00e9e. La Soci\u00e9t\u00e9 conseille donc \u00e0 ses Utilisateurs de consulter r\u00e9guli\u00e8rement cette page du Site. En cas de modification importante de la Politique de Confidentialit\u00e9, la Soci\u00e9t\u00e9 avisera les Utilisateurs de ces modifications.<\/p>\t\t\t\t\t\t<\/div>\n\t\t\t\t<\/div>\n\t\t\t\t\t<\/div>\n\t\t<\/div>\n\t\t\t\t\t<\/div>\n\t\t<\/section>\n\t\t\t\t<\/div>\n\t\t","protected":false},"excerpt":{"rendered":"<p>Politique de Confidentialit\u00e9 EUROPE ENDOSCOPE Mise \u00e0 jour le 10 janvier 2020. La protection des donn\u00e9es personnelles est primordiale pour EUROPE ENDOSCOPE qui souhaite expliquer de mani\u00e8re claire et transparence, comment et pourquoi, elle collecte, traite, stocke et utilise les donn\u00e9es&nbsp;personnelles des utilisateurs. La pr\u00e9sente Politique de Confidentialit\u00e9 pr\u00e9sente \u00e9galement, les droits et les outils [&hellip;]<\/p>\n","protected":false},"author":10,"featured_media":0,"parent":0,"menu_order":0,"comment_status":"closed","ping_status":"closed","template":"","meta":{"footnotes":""},"class_list":["post-4183","page","type-page","status-publish","hentry"],"yoast_head":"<!-- This site is optimized with the Yoast SEO plugin v27.3 - https:\/\/yoast.com\/product\/yoast-seo-wordpress\/ -->\n<title>Politique de confidentialit\u00e9 - Europe Endoscope<\/title>\n<meta name=\"robots\" content=\"index, follow, max-snippet:-1, max-image-preview:large, max-video-preview:-1\" \/>\n<link rel=\"canonical\" href=\"https:\/\/europeendoscope.com\/en\/politique-de-confidentialite\/\" \/>\n<meta property=\"og:locale\" content=\"en_US\" \/>\n<meta property=\"og:type\" content=\"article\" \/>\n<meta property=\"og:title\" content=\"Politique de confidentialit\u00e9 - Europe Endoscope\" \/>\n<meta property=\"og:description\" content=\"Politique de Confidentialit\u00e9 EUROPE ENDOSCOPE Mise \u00e0 jour le 10 janvier 2020. La protection des donn\u00e9es personnelles est primordiale pour EUROPE ENDOSCOPE qui souhaite expliquer de mani\u00e8re claire et transparence, comment et pourquoi, elle collecte, traite, stocke et utilise les donn\u00e9es&nbsp;personnelles des utilisateurs. La pr\u00e9sente Politique de Confidentialit\u00e9 pr\u00e9sente \u00e9galement, les droits et les outils [&hellip;]\" \/>\n<meta property=\"og:url\" content=\"https:\/\/europeendoscope.com\/en\/politique-de-confidentialite\/\" \/>\n<meta property=\"og:site_name\" content=\"Europe Endoscope\" \/>\n<meta property=\"article:modified_time\" content=\"2020-05-25T13:13:42+00:00\" \/>\n<meta name=\"twitter:card\" content=\"summary_large_image\" \/>\n<meta name=\"twitter:label1\" content=\"Est. reading time\" \/>\n\t<meta name=\"twitter:data1\" content=\"7 minutes\" \/>\n<script type=\"application\/ld+json\" class=\"yoast-schema-graph\">{\"@context\":\"https:\\\/\\\/schema.org\",\"@graph\":[{\"@type\":\"WebPage\",\"@id\":\"https:\\\/\\\/europeendoscope.com\\\/en\\\/politique-de-confidentialite\\\/\",\"url\":\"https:\\\/\\\/europeendoscope.com\\\/en\\\/politique-de-confidentialite\\\/\",\"name\":\"Politique de confidentialit\u00e9 - Europe Endoscope\",\"isPartOf\":{\"@id\":\"https:\\\/\\\/europeendoscope.com\\\/#website\"},\"datePublished\":\"2020-05-25T13:10:51+00:00\",\"dateModified\":\"2020-05-25T13:13:42+00:00\",\"breadcrumb\":{\"@id\":\"https:\\\/\\\/europeendoscope.com\\\/en\\\/politique-de-confidentialite\\\/#breadcrumb\"},\"inLanguage\":\"en-US\",\"potentialAction\":[{\"@type\":\"ReadAction\",\"target\":[\"https:\\\/\\\/europeendoscope.com\\\/en\\\/politique-de-confidentialite\\\/\"]}]},{\"@type\":\"BreadcrumbList\",\"@id\":\"https:\\\/\\\/europeendoscope.com\\\/en\\\/politique-de-confidentialite\\\/#breadcrumb\",\"itemListElement\":[{\"@type\":\"ListItem\",\"position\":1,\"name\":\"Home\",\"item\":\"https:\\\/\\\/europeendoscope.com\\\/en\\\/\"},{\"@type\":\"ListItem\",\"position\":2,\"name\":\"Politique de confidentialit\u00e9\"}]},{\"@type\":\"WebSite\",\"@id\":\"https:\\\/\\\/europeendoscope.com\\\/#website\",\"url\":\"https:\\\/\\\/europeendoscope.com\\\/\",\"name\":\"Europe Endoscope\",\"description\":\"R\u00e9paration et vente d&#039;\u00e9quipements d&#039;endoscopie\",\"publisher\":{\"@id\":\"https:\\\/\\\/europeendoscope.com\\\/#organization\"},\"potentialAction\":[{\"@type\":\"SearchAction\",\"target\":{\"@type\":\"EntryPoint\",\"urlTemplate\":\"https:\\\/\\\/europeendoscope.com\\\/?s={search_term_string}\"},\"query-input\":{\"@type\":\"PropertyValueSpecification\",\"valueRequired\":true,\"valueName\":\"search_term_string\"}}],\"inLanguage\":\"en-US\"},{\"@type\":\"Organization\",\"@id\":\"https:\\\/\\\/europeendoscope.com\\\/#organization\",\"name\":\"Europe Endoscope\",\"url\":\"https:\\\/\\\/europeendoscope.com\\\/\",\"logo\":{\"@type\":\"ImageObject\",\"inLanguage\":\"en-US\",\"@id\":\"https:\\\/\\\/europeendoscope.com\\\/#\\\/schema\\\/logo\\\/image\\\/\",\"url\":\"https:\\\/\\\/www.europe-endoscope.com\\\/wp-content\\\/uploads\\\/2019\\\/10\\\/Logo-EE-WP-1.png\",\"contentUrl\":\"https:\\\/\\\/www.europe-endoscope.com\\\/wp-content\\\/uploads\\\/2019\\\/10\\\/Logo-EE-WP-1.png\",\"width\":523,\"height\":87,\"caption\":\"Europe Endoscope\"},\"image\":{\"@id\":\"https:\\\/\\\/europeendoscope.com\\\/#\\\/schema\\\/logo\\\/image\\\/\"}}]}<\/script>\n<!-- \/ Yoast SEO plugin. -->","yoast_head_json":{"title":"Politique de confidentialit\u00e9 - Europe Endoscope","robots":{"index":"index","follow":"follow","max-snippet":"max-snippet:-1","max-image-preview":"max-image-preview:large","max-video-preview":"max-video-preview:-1"},"canonical":"https:\/\/europeendoscope.com\/en\/politique-de-confidentialite\/","og_locale":"en_US","og_type":"article","og_title":"Politique de confidentialit\u00e9 - Europe Endoscope","og_description":"Politique de Confidentialit\u00e9 EUROPE ENDOSCOPE Mise \u00e0 jour le 10 janvier 2020. La protection des donn\u00e9es personnelles est primordiale pour EUROPE ENDOSCOPE qui souhaite expliquer de mani\u00e8re claire et transparence, comment et pourquoi, elle collecte, traite, stocke et utilise les donn\u00e9es&nbsp;personnelles des utilisateurs. La pr\u00e9sente Politique de Confidentialit\u00e9 pr\u00e9sente \u00e9galement, les droits et les outils [&hellip;]","og_url":"https:\/\/europeendoscope.com\/en\/politique-de-confidentialite\/","og_site_name":"Europe Endoscope","article_modified_time":"2020-05-25T13:13:42+00:00","twitter_card":"summary_large_image","twitter_misc":{"Est. reading time":"7 minutes"},"schema":{"@context":"https:\/\/schema.org","@graph":[{"@type":"WebPage","@id":"https:\/\/europeendoscope.com\/en\/politique-de-confidentialite\/","url":"https:\/\/europeendoscope.com\/en\/politique-de-confidentialite\/","name":"Politique de confidentialit\u00e9 - Europe Endoscope","isPartOf":{"@id":"https:\/\/europeendoscope.com\/#website"},"datePublished":"2020-05-25T13:10:51+00:00","dateModified":"2020-05-25T13:13:42+00:00","breadcrumb":{"@id":"https:\/\/europeendoscope.com\/en\/politique-de-confidentialite\/#breadcrumb"},"inLanguage":"en-US","potentialAction":[{"@type":"ReadAction","target":["https:\/\/europeendoscope.com\/en\/politique-de-confidentialite\/"]}]},{"@type":"BreadcrumbList","@id":"https:\/\/europeendoscope.com\/en\/politique-de-confidentialite\/#breadcrumb","itemListElement":[{"@type":"ListItem","position":1,"name":"Home","item":"https:\/\/europeendoscope.com\/en\/"},{"@type":"ListItem","position":2,"name":"Politique de confidentialit\u00e9"}]},{"@type":"WebSite","@id":"https:\/\/europeendoscope.com\/#website","url":"https:\/\/europeendoscope.com\/","name":"Europe Endoscope","description":"R\u00e9paration et vente d&#039;\u00e9quipements d&#039;endoscopie","publisher":{"@id":"https:\/\/europeendoscope.com\/#organization"},"potentialAction":[{"@type":"SearchAction","target":{"@type":"EntryPoint","urlTemplate":"https:\/\/europeendoscope.com\/?s={search_term_string}"},"query-input":{"@type":"PropertyValueSpecification","valueRequired":true,"valueName":"search_term_string"}}],"inLanguage":"en-US"},{"@type":"Organization","@id":"https:\/\/europeendoscope.com\/#organization","name":"Europe Endoscope","url":"https:\/\/europeendoscope.com\/","logo":{"@type":"ImageObject","inLanguage":"en-US","@id":"https:\/\/europeendoscope.com\/#\/schema\/logo\/image\/","url":"https:\/\/www.europe-endoscope.com\/wp-content\/uploads\/2019\/10\/Logo-EE-WP-1.png","contentUrl":"https:\/\/www.europe-endoscope.com\/wp-content\/uploads\/2019\/10\/Logo-EE-WP-1.png","width":523,"height":87,"caption":"Europe Endoscope"},"image":{"@id":"https:\/\/europeendoscope.com\/#\/schema\/logo\/image\/"}}]}},"_links":{"self":[{"href":"https:\/\/europeendoscope.com\/en\/wp-json\/wp\/v2\/pages\/4183","targetHints":{"allow":["GET"]}}],"collection":[{"href":"https:\/\/europeendoscope.com\/en\/wp-json\/wp\/v2\/pages"}],"about":[{"href":"https:\/\/europeendoscope.com\/en\/wp-json\/wp\/v2\/types\/page"}],"author":[{"embeddable":true,"href":"https:\/\/europeendoscope.com\/en\/wp-json\/wp\/v2\/users\/10"}],"replies":[{"embeddable":true,"href":"https:\/\/europeendoscope.com\/en\/wp-json\/wp\/v2\/comments?post=4183"}],"version-history":[{"count":0,"href":"https:\/\/europeendoscope.com\/en\/wp-json\/wp\/v2\/pages\/4183\/revisions"}],"wp:attachment":[{"href":"https:\/\/europeendoscope.com\/en\/wp-json\/wp\/v2\/media?parent=4183"}],"curies":[{"name":"wp","href":"https:\/\/api.w.org\/{rel}","templated":true}]}}